{"id":45,"date":"2023-08-07T10:57:14","date_gmt":"2023-08-07T08:57:14","guid":{"rendered":"http:\/\/localhost\/bohotel\/?page_id=45"},"modified":"2025-07-14T09:03:44","modified_gmt":"2025-07-14T07:03:44","slug":"studio-erkellyel","status":"publish","type":"page","link":"https:\/\/bo27budapest.com\/hu\/szobak\/studio-erkellyel\/","title":{"rendered":"St\u00fadi\u00f3 erk\u00e9llyel"},"content":{"rendered":"","protected":false},"excerpt":{"rendered":"","protected":false},"author":1,"featured_media":0,"parent":31,"menu_order":0,"comment_status":"closed","ping_status":"closed","template":"template-parts\/page-single-room.php","meta":{"_acf_changed":false,"footnotes":""},"class_list":["post-45","page","type-page","status-publish","hentry"],"acf":[],"_links":{"self":[{"href":"https:\/\/bo27budapest.com\/hu\/wp-json\/wp\/v2\/pages\/45","targetHints":{"allow":["GET"]}}],"collection":[{"href":"https:\/\/bo27budapest.com\/hu\/wp-json\/wp\/v2\/pages"}],"about":[{"href":"https:\/\/bo27budapest.com\/hu\/wp-json\/wp\/v2\/types\/page"}],"author":[{"embeddable":true,"href":"https:\/\/bo27budapest.com\/hu\/wp-json\/wp\/v2\/users\/1"}],"replies":[{"embeddable":true,"href":"https:\/\/bo27budapest.com\/hu\/wp-json\/wp\/v2\/comments?post=45"}],"version-history":[{"count":13,"href":"https:\/\/bo27budapest.com\/hu\/wp-json\/wp\/v2\/pages\/45\/revisions"}],"predecessor-version":[{"id":1040,"href":"https:\/\/bo27budapest.com\/hu\/wp-json\/wp\/v2\/pages\/45\/revisions\/1040"}],"up":[{"embeddable":true,"href":"https:\/\/bo27budapest.com\/hu\/wp-json\/wp\/v2\/pages\/31"}],"wp:attachment":[{"href":"https:\/\/bo27budapest.com\/hu\/wp-json\/wp\/v2\/media?parent=45"}],"curies":[{"name":"wp","href":"https:\/\/api.w.org\/{rel}","templated":true}]}}