{"id":47,"date":"2023-08-07T10:57:31","date_gmt":"2023-08-07T08:57:31","guid":{"rendered":"http:\/\/localhost\/bohotel\/?page_id=47"},"modified":"2025-07-14T09:09:35","modified_gmt":"2025-07-14T07:09:35","slug":"1-haloszobas-apartman","status":"publish","type":"page","link":"https:\/\/bo27budapest.com\/hu\/szobak\/1-haloszobas-apartman\/","title":{"rendered":"1 h\u00e1l\u00f3szob\u00e1s apartman"},"content":{"rendered":"","protected":false},"excerpt":{"rendered":"","protected":false},"author":1,"featured_media":0,"parent":31,"menu_order":0,"comment_status":"closed","ping_status":"closed","template":"template-parts\/page-single-room.php","meta":{"_acf_changed":false,"footnotes":""},"class_list":["post-47","page","type-page","status-publish","hentry"],"acf":[],"_links":{"self":[{"href":"https:\/\/bo27budapest.com\/hu\/wp-json\/wp\/v2\/pages\/47","targetHints":{"allow":["GET"]}}],"collection":[{"href":"https:\/\/bo27budapest.com\/hu\/wp-json\/wp\/v2\/pages"}],"about":[{"href":"https:\/\/bo27budapest.com\/hu\/wp-json\/wp\/v2\/types\/page"}],"author":[{"embeddable":true,"href":"https:\/\/bo27budapest.com\/hu\/wp-json\/wp\/v2\/users\/1"}],"replies":[{"embeddable":true,"href":"https:\/\/bo27budapest.com\/hu\/wp-json\/wp\/v2\/comments?post=47"}],"version-history":[{"count":11,"href":"https:\/\/bo27budapest.com\/hu\/wp-json\/wp\/v2\/pages\/47\/revisions"}],"predecessor-version":[{"id":1044,"href":"https:\/\/bo27budapest.com\/hu\/wp-json\/wp\/v2\/pages\/47\/revisions\/1044"}],"up":[{"embeddable":true,"href":"https:\/\/bo27budapest.com\/hu\/wp-json\/wp\/v2\/pages\/31"}],"wp:attachment":[{"href":"https:\/\/bo27budapest.com\/hu\/wp-json\/wp\/v2\/media?parent=47"}],"curies":[{"name":"wp","href":"https:\/\/api.w.org\/{rel}","templated":true}]}}